{"id":17,"date":"2020-04-28T17:37:04","date_gmt":"2020-04-28T15:37:04","guid":{"rendered":"http:\/\/www.lanificiocampore.it\/?page_id=17"},"modified":"2025-09-29T13:58:04","modified_gmt":"2025-09-29T11:58:04","slug":"homepage","status":"publish","type":"page","link":"https:\/\/www.lanificiocampore.it\/","title":{"rendered":"Homepage"},"content":{"rendered":"<div>\n<h3>La Nostra Storia<\/h3>\n<p>Il Lanificio Campore nasce nel 1963 per volont\u00e0 di Quintino Broglia Marz\u00e9, che gi\u00e0 possedeva negli anni &#8217;50 il Lanificio Broglia, attivo a Biella.<br \/>\nNel 1963 il sig. Quintino Broglia Marz\u00e9 acquist\u00f2 il Lanificio Sella a Campore e trasform\u00f2 le due fabbriche (Lanificio Sella e<br \/>\nLanificio Broglia) nel Lanificio Campore. Oggi il Lanificio Campore \u00e8 guidato dal figlio di Quintino: Diego<br \/>\ncon sua figlia Cristina. Nel 2000 il Lanificio Campore acquisisce il lanificio\u00a0Torello Viera.<br \/>\nLa struttura originale della fabbrica risale al 1830, fondata dai fratelli Sella. Nel 1831 i fratelli Pietro, Gio Battista e Vincenzo<br \/>\nSella ha fondato a Campore uno stabilimento chiamato Lanificio Macchina Nuova. Questo\u00a0nome deriva dall&#8217;acquisto di un telaio grande, nuovo e moderno prodotto in Belgio.<br \/>\nLa tradizione dice che per il trasporto di questo grande telaio era necessario un grande carro trainato da sei cavalli. Da qui deriva il nome:<br \/>\nLanificio Macchina Nuova. Nel 1895 fu registrata come Lanificio Successori Sella fino all&#8217;inizio del 1924. Successivamente, il 14 ottobre 1924<br \/>\ndivenne Lanificio Sella. In fine nel 1963 divenne Lanificio Campore.<\/p>\n<p>Sin dall&#8217;inizio, il Lanificio Sella (Campore) era specializzato nella produzione di tessuti di lana pesante per cappotto.<br \/>\nPresto divenne fornitore ufficiale dell&#8217;esercito italiano e ricevette ingenti ordini durante la Prima Guerra Mondiale (1915-1918).<br \/>\nSuccessivamente, hanno continuato nella produzione di tessuti di lana per uomo e donna.<br \/>\nDalla fine della Seconda Guerra Mondiale, la fabbrica ha continuato a creare e produrre tessuti per sarti, alta moda, designer e abbigliamento fino ai giorni nostri.<\/p>\n<\/div>\n<div class=\"col-md-6 col-md-offset-1\"><\/div>\n","protected":false},"excerpt":{"rendered":"<p>La Nostra Storia Il Lanificio Campore nasce nel 1963 per volont\u00e0 di Quintino Broglia Marz\u00e9, che gi\u00e0 possedeva negli anni &#8217;50 il Lanificio Broglia, attivo a Biella. Nel 1963 il sig. Quintino Broglia Marz\u00e9 acquist\u00f2 il Lanificio Sella a Campore e trasform\u00f2 le due fabbriche (Lanificio Sella e Lanificio Broglia) [&hellip;]<\/p>\n","protected":false},"author":2,"featured_media":27,"parent":0,"menu_order":0,"comment_status":"closed","ping_status":"closed","template":"","meta":{"_themeisle_gutenberg_block_has_review":false,"footnotes":""},"class_list":["post-17","page","type-page","status-publish","has-post-thumbnail","hentry"],"_links":{"self":[{"href":"https:\/\/www.lanificiocampore.it\/index.php\/wp-json\/wp\/v2\/pages\/17","targetHints":{"allow":["GET"]}}],"collection":[{"href":"https:\/\/www.lanificiocampore.it\/index.php\/wp-json\/wp\/v2\/pages"}],"about":[{"href":"https:\/\/www.lanificiocampore.it\/index.php\/wp-json\/wp\/v2\/types\/page"}],"author":[{"embeddable":true,"href":"https:\/\/www.lanificiocampore.it\/index.php\/wp-json\/wp\/v2\/users\/2"}],"replies":[{"embeddable":true,"href":"https:\/\/www.lanificiocampore.it\/index.php\/wp-json\/wp\/v2\/comments?post=17"}],"version-history":[{"count":4,"href":"https:\/\/www.lanificiocampore.it\/index.php\/wp-json\/wp\/v2\/pages\/17\/revisions"}],"predecessor-version":[{"id":138,"href":"https:\/\/www.lanificiocampore.it\/index.php\/wp-json\/wp\/v2\/pages\/17\/revisions\/138"}],"wp:featuredmedia":[{"embeddable":true,"href":"https:\/\/www.lanificiocampore.it\/index.php\/wp-json\/wp\/v2\/media\/27"}],"wp:attachment":[{"href":"https:\/\/www.lanificiocampore.it\/index.php\/wp-json\/wp\/v2\/media?parent=17"}],"curies":[{"name":"wp","href":"https:\/\/api.w.org\/{rel}","templated":true}]}}